{"id":342,"date":"2023-06-21T04:38:49","date_gmt":"2023-06-21T04:38:49","guid":{"rendered":"https:\/\/tzapopanconsultores.com\/?post_type=product&#038;p=342"},"modified":"2023-06-21T05:00:17","modified_gmt":"2023-06-21T05:00:17","slug":"terapia-familiar","status":"publish","type":"product","link":"https:\/\/tzapopanconsultores.com\/index.php\/producto\/terapia-familiar\/","title":{"rendered":"Terapia Familiar"},"content":{"rendered":"<p><span style=\"font-weight: 400;\">Individuos que presentan alg\u00fan s\u00edntoma de ansiedad, depresi\u00f3n, conductas<\/span><\/p>\n<p><span style=\"font-weight: 400;\">antisociales, abuso de alcohol y drogas, psicosis, etc. se convoca a la familia como apoyo y<\/span><\/p>\n<p><span style=\"font-weight: 400;\">recurso.<\/span><\/p>\n","protected":false},"excerpt":{"rendered":"<p><span style=\"font-weight: 400;\">Individuos que presentan alg\u00fan s\u00edntoma de<strong> ansiedad, depresi\u00f3n, conductas<\/strong><\/span><\/p>\n<p><strong>antisociales, abuso de alcohol y drogas, psicosis, etc. <\/strong><\/p>\n<p><span style=\"font-weight: 400;\">se convoca a la familia como apoyo y <\/span><span style=\"font-weight: 400;\">recurso.<\/span><\/p>\n","protected":false},"featured_media":343,"comment_status":"open","ping_status":"closed","template":"","meta":[],"product_cat":[23],"product_tag":[],"class_list":["post-342","product","type-product","status-publish","has-post-thumbnail","hentry","product_cat-terapia"],"yoast_head":"<!-- This site is optimized with the Yoast SEO plugin v21.5 - https:\/\/yoast.com\/wordpress\/plugins\/seo\/ -->\n<title>Terapia Familiar - tzapopanconsultores.com<\/title>\n<meta name=\"robots\" content=\"index, follow, max-snippet:-1, max-image-preview:large, max-video-preview:-1\" \/>\n<link rel=\"canonical\" href=\"https:\/\/tzapopanconsultores.com\/index.php\/producto\/terapia-familiar\/\" \/>\n<meta property=\"og:locale\" content=\"en_US\" \/>\n<meta property=\"og:type\" content=\"article\" \/>\n<meta property=\"og:title\" content=\"Terapia Familiar - tzapopanconsultores.com\" \/>\n<meta property=\"og:description\" content=\"Individuos que presentan alg\u00fan s\u00edntoma de ansiedad, depresi\u00f3n, conductas  antisociales, abuso de alcohol y drogas, psicosis, etc.   se convoca a la familia como apoyo y recurso.\" \/>\n<meta property=\"og:url\" content=\"https:\/\/tzapopanconsultores.com\/index.php\/producto\/terapia-familiar\/\" \/>\n<meta property=\"og:site_name\" content=\"tzapopanconsultores.com\" \/>\n<meta property=\"article:modified_time\" content=\"2023-06-21T05:00:17+00:00\" \/>\n<meta property=\"og:image\" content=\"http:\/\/tzapopanconsultores.com\/wp-content\/uploads\/2023\/06\/Terapia-Familiar.jpg\" \/>\n\t<meta property=\"og:image:width\" content=\"2511\" \/>\n\t<meta property=\"og:image:height\" content=\"1584\" \/>\n\t<meta property=\"og:image:type\" content=\"image\/jpeg\" \/>\n<meta name=\"twitter:card\" content=\"summary_large_image\" \/>\n<meta name=\"twitter:label1\" content=\"Est. reading time\" \/>\n\t<meta name=\"twitter:data1\" content=\"1 minute\" \/>\n<script type=\"application\/ld+json\" class=\"yoast-schema-graph\">{\"@context\":\"https:\/\/schema.org\",\"@graph\":[{\"@type\":\"WebPage\",\"@id\":\"https:\/\/tzapopanconsultores.com\/index.php\/producto\/terapia-familiar\/\",\"url\":\"https:\/\/tzapopanconsultores.com\/index.php\/producto\/terapia-familiar\/\",\"name\":\"Terapia Familiar - tzapopanconsultores.com\",\"isPartOf\":{\"@id\":\"https:\/\/tzapopanconsultores.com\/#website\"},\"datePublished\":\"2023-06-21T04:38:49+00:00\",\"dateModified\":\"2023-06-21T05:00:17+00:00\",\"breadcrumb\":{\"@id\":\"https:\/\/tzapopanconsultores.com\/index.php\/producto\/terapia-familiar\/#breadcrumb\"},\"inLanguage\":\"en-US\",\"potentialAction\":[{\"@type\":\"ReadAction\",\"target\":[\"https:\/\/tzapopanconsultores.com\/index.php\/producto\/terapia-familiar\/\"]}]},{\"@type\":\"BreadcrumbList\",\"@id\":\"https:\/\/tzapopanconsultores.com\/index.php\/producto\/terapia-familiar\/#breadcrumb\",\"itemListElement\":[{\"@type\":\"ListItem\",\"position\":1,\"name\":\"Inicio\",\"item\":\"https:\/\/tzapopanconsultores.com\/\"},{\"@type\":\"ListItem\",\"position\":2,\"name\":\"Tienda\",\"item\":\"https:\/\/tzapopanconsultores.com\/index.php\/tienda\/\"},{\"@type\":\"ListItem\",\"position\":3,\"name\":\"Terapia Familiar\"}]},{\"@type\":\"WebSite\",\"@id\":\"https:\/\/tzapopanconsultores.com\/#website\",\"url\":\"https:\/\/tzapopanconsultores.com\/\",\"name\":\"TZapopan Consultores\",\"description\":\"\",\"publisher\":{\"@id\":\"https:\/\/tzapopanconsultores.com\/#organization\"},\"potentialAction\":[{\"@type\":\"SearchAction\",\"target\":{\"@type\":\"EntryPoint\",\"urlTemplate\":\"https:\/\/tzapopanconsultores.com\/?s={search_term_string}\"},\"query-input\":\"required name=search_term_string\"}],\"inLanguage\":\"en-US\"},{\"@type\":\"Organization\",\"@id\":\"https:\/\/tzapopanconsultores.com\/#organization\",\"name\":\"TZapopan Consultores\",\"url\":\"https:\/\/tzapopanconsultores.com\/\",\"logo\":{\"@type\":\"ImageObject\",\"inLanguage\":\"en-US\",\"@id\":\"https:\/\/tzapopanconsultores.com\/#\/schema\/logo\/image\/\",\"url\":\"https:\/\/tzapopanconsultores.com\/wp-content\/uploads\/2023\/06\/TzapopanC-Logo.png\",\"contentUrl\":\"https:\/\/tzapopanconsultores.com\/wp-content\/uploads\/2023\/06\/TzapopanC-Logo.png\",\"width\":459,\"height\":142,\"caption\":\"TZapopan Consultores\"},\"image\":{\"@id\":\"https:\/\/tzapopanconsultores.com\/#\/schema\/logo\/image\/\"}}]}<\/script>\n<!-- \/ Yoast SEO plugin. -->","yoast_head_json":{"title":"Terapia Familiar - tzapopanconsultores.com","robots":{"index":"index","follow":"follow","max-snippet":"max-snippet:-1","max-image-preview":"max-image-preview:large","max-video-preview":"max-video-preview:-1"},"canonical":"https:\/\/tzapopanconsultores.com\/index.php\/producto\/terapia-familiar\/","og_locale":"en_US","og_type":"article","og_title":"Terapia Familiar - tzapopanconsultores.com","og_description":"Individuos que presentan alg\u00fan s\u00edntoma de ansiedad, depresi\u00f3n, conductas  antisociales, abuso de alcohol y drogas, psicosis, etc.   se convoca a la familia como apoyo y recurso.","og_url":"https:\/\/tzapopanconsultores.com\/index.php\/producto\/terapia-familiar\/","og_site_name":"tzapopanconsultores.com","article_modified_time":"2023-06-21T05:00:17+00:00","og_image":[{"width":2511,"height":1584,"url":"http:\/\/tzapopanconsultores.com\/wp-content\/uploads\/2023\/06\/Terapia-Familiar.jpg","type":"image\/jpeg"}],"twitter_card":"summary_large_image","twitter_misc":{"Est. reading time":"1 minute"},"schema":{"@context":"https:\/\/schema.org","@graph":[{"@type":"WebPage","@id":"https:\/\/tzapopanconsultores.com\/index.php\/producto\/terapia-familiar\/","url":"https:\/\/tzapopanconsultores.com\/index.php\/producto\/terapia-familiar\/","name":"Terapia Familiar - tzapopanconsultores.com","isPartOf":{"@id":"https:\/\/tzapopanconsultores.com\/#website"},"datePublished":"2023-06-21T04:38:49+00:00","dateModified":"2023-06-21T05:00:17+00:00","breadcrumb":{"@id":"https:\/\/tzapopanconsultores.com\/index.php\/producto\/terapia-familiar\/#breadcrumb"},"inLanguage":"en-US","potentialAction":[{"@type":"ReadAction","target":["https:\/\/tzapopanconsultores.com\/index.php\/producto\/terapia-familiar\/"]}]},{"@type":"BreadcrumbList","@id":"https:\/\/tzapopanconsultores.com\/index.php\/producto\/terapia-familiar\/#breadcrumb","itemListElement":[{"@type":"ListItem","position":1,"name":"Inicio","item":"https:\/\/tzapopanconsultores.com\/"},{"@type":"ListItem","position":2,"name":"Tienda","item":"https:\/\/tzapopanconsultores.com\/index.php\/tienda\/"},{"@type":"ListItem","position":3,"name":"Terapia Familiar"}]},{"@type":"WebSite","@id":"https:\/\/tzapopanconsultores.com\/#website","url":"https:\/\/tzapopanconsultores.com\/","name":"TZapopan Consultores","description":"","publisher":{"@id":"https:\/\/tzapopanconsultores.com\/#organization"},"potentialAction":[{"@type":"SearchAction","target":{"@type":"EntryPoint","urlTemplate":"https:\/\/tzapopanconsultores.com\/?s={search_term_string}"},"query-input":"required name=search_term_string"}],"inLanguage":"en-US"},{"@type":"Organization","@id":"https:\/\/tzapopanconsultores.com\/#organization","name":"TZapopan Consultores","url":"https:\/\/tzapopanconsultores.com\/","logo":{"@type":"ImageObject","inLanguage":"en-US","@id":"https:\/\/tzapopanconsultores.com\/#\/schema\/logo\/image\/","url":"https:\/\/tzapopanconsultores.com\/wp-content\/uploads\/2023\/06\/TzapopanC-Logo.png","contentUrl":"https:\/\/tzapopanconsultores.com\/wp-content\/uploads\/2023\/06\/TzapopanC-Logo.png","width":459,"height":142,"caption":"TZapopan Consultores"},"image":{"@id":"https:\/\/tzapopanconsultores.com\/#\/schema\/logo\/image\/"}}]}},"_links":{"self":[{"href":"https:\/\/tzapopanconsultores.com\/index.php\/wp-json\/wp\/v2\/product\/342","targetHints":{"allow":["GET"]}}],"collection":[{"href":"https:\/\/tzapopanconsultores.com\/index.php\/wp-json\/wp\/v2\/product"}],"about":[{"href":"https:\/\/tzapopanconsultores.com\/index.php\/wp-json\/wp\/v2\/types\/product"}],"replies":[{"embeddable":true,"href":"https:\/\/tzapopanconsultores.com\/index.php\/wp-json\/wp\/v2\/comments?post=342"}],"wp:featuredmedia":[{"embeddable":true,"href":"https:\/\/tzapopanconsultores.com\/index.php\/wp-json\/wp\/v2\/media\/343"}],"wp:attachment":[{"href":"https:\/\/tzapopanconsultores.com\/index.php\/wp-json\/wp\/v2\/media?parent=342"}],"wp:term":[{"taxonomy":"product_cat","embeddable":true,"href":"https:\/\/tzapopanconsultores.com\/index.php\/wp-json\/wp\/v2\/product_cat?post=342"},{"taxonomy":"product_tag","embeddable":true,"href":"https:\/\/tzapopanconsultores.com\/index.php\/wp-json\/wp\/v2\/product_tag?post=342"}],"curies":[{"name":"wp","href":"https:\/\/api.w.org\/{rel}","templated":true}]}}