{"id":21,"date":"2023-06-20T16:44:44","date_gmt":"2023-06-20T16:44:44","guid":{"rendered":"https:\/\/tzapopanconsultores.com\/?page_id=21"},"modified":"2023-08-10T18:16:03","modified_gmt":"2023-08-10T18:16:03","slug":"inicio","status":"publish","type":"page","link":"https:\/\/tzapopanconsultores.com\/","title":{"rendered":"Inicio"},"content":{"rendered":"\t\t<div data-elementor-type=\"wp-page\" data-elementor-id=\"21\" class=\"elementor elementor-21\" data-elementor-post-type=\"page\">\n\t\t\t\t\t\t\t\t\t<section class=\"elementor-section elementor-top-section elementor-element elementor-element-06dcd39 elementor-section-boxed elementor-section-height-default elementor-section-height-default\" data-id=\"06dcd39\" data-element_type=\"section\" data-settings=\"{&quot;background_background&quot;:&quot;video&quot;}\">\n\t\t\t\t\t\t<div class=\"elementor-container elementor-column-gap-default\">\n\t\t\t\t\t<div class=\"elementor-column elementor-col-100 elementor-top-column elementor-element elementor-element-7b7d07a\" data-id=\"7b7d07a\" data-element_type=\"column\">\n\t\t\t<div class=\"elementor-widget-wrap elementor-element-populated\">\n\t\t\t\t\t\t\t\t<div class=\"elementor-element elementor-element-27c0e2e elementor-widget elementor-widget-video\" data-id=\"27c0e2e\" data-element_type=\"widget\" data-settings=\"{&quot;video_type&quot;:&quot;hosted&quot;,&quot;autoplay&quot;:&quot;yes&quot;,&quot;controls&quot;:&quot;yes&quot;}\" data-widget_type=\"video.default\">\n\t\t\t\t<div class=\"elementor-widget-container\">\n\t\t\t<style>\/*! elementor - v3.17.0 - 08-11-2023 *\/\n.elementor-widget-video .elementor-widget-container{overflow:hidden;transform:translateZ(0)}.elementor-widget-video .elementor-wrapper{aspect-ratio:var(--video-aspect-ratio)}.elementor-widget-video .elementor-wrapper iframe,.elementor-widget-video .elementor-wrapper video{height:100%;width:100%;display:flex;border:none;background-color:#000}@supports not (aspect-ratio:1\/1){.elementor-widget-video .elementor-wrapper{position:relative;overflow:hidden;height:0;padding-bottom:calc(100% \/ var(--video-aspect-ratio))}.elementor-widget-video .elementor-wrapper iframe,.elementor-widget-video .elementor-wrapper video{position:absolute;top:0;right:0;bottom:0;left:0}}.elementor-widget-video .elementor-open-inline .elementor-custom-embed-image-overlay{position:absolute;top:0;right:0;bottom:0;left:0;background-size:cover;background-position:50%}.elementor-widget-video .elementor-custom-embed-image-overlay{cursor:pointer;text-align:center}.elementor-widget-video .elementor-custom-embed-image-overlay:hover .elementor-custom-embed-play i{opacity:1}.elementor-widget-video .elementor-custom-embed-image-overlay img{display:block;width:100%;aspect-ratio:var(--video-aspect-ratio);-o-object-fit:cover;object-fit:cover;-o-object-position:center center;object-position:center center}@supports not (aspect-ratio:1\/1){.elementor-widget-video .elementor-custom-embed-image-overlay{position:relative;overflow:hidden;height:0;padding-bottom:calc(100% \/ var(--video-aspect-ratio))}.elementor-widget-video .elementor-custom-embed-image-overlay img{position:absolute;top:0;right:0;bottom:0;left:0}}.elementor-widget-video .e-hosted-video .elementor-video{-o-object-fit:cover;object-fit:cover}.e-con-inner>.elementor-widget-video,.e-con>.elementor-widget-video{width:var(--container-widget-width);--flex-grow:var(--container-widget-flex-grow)}<\/style>\t\t<div class=\"e-hosted-video elementor-wrapper elementor-open-inline\">\n\t\t\t\t\t<video class=\"elementor-video\" src=\"http:\/\/tzapopanconsultores.com\/wp-content\/uploads\/2023\/07\/49afc831-5298-4a43-81b5-bd5e49f90fc0.mp4\" autoplay=\"\" controls=\"\" controlsList=\"nodownload\"><\/video>\n\t\t\t\t<\/div>\n\t\t\t\t<\/div>\n\t\t\t\t<\/div>\n\t\t\t\t\t<\/div>\n\t\t<\/div>\n\t\t\t\t\t\t\t<\/div>\n\t\t<\/section>\n\t\t\t\t<section class=\"elementor-section elementor-top-section elementor-element elementor-element-ba51bef elementor-section-boxed elementor-section-height-default elementor-section-height-default\" data-id=\"ba51bef\" data-element_type=\"section\">\n\t\t\t\t\t\t<div class=\"elementor-container elementor-column-gap-default\">\n\t\t\t\t\t<div class=\"elementor-column elementor-col-100 elementor-top-column elementor-element elementor-element-729e087\" data-id=\"729e087\" data-element_type=\"column\">\n\t\t\t<div class=\"elementor-widget-wrap elementor-element-populated\">\n\t\t\t\t\t\t\t\t<div class=\"elementor-element elementor-element-dcc50bd elementor-widget elementor-widget-spacer\" data-id=\"dcc50bd\" data-element_type=\"widget\" data-widget_type=\"spacer.default\">\n\t\t\t\t<div class=\"elementor-widget-container\">\n\t\t\t<style>\/*! elementor - v3.17.0 - 08-11-2023 *\/\n.elementor-column .elementor-spacer-inner{height:var(--spacer-size)}.e-con{--container-widget-width:100%}.e-con-inner>.elementor-widget-spacer,.e-con>.elementor-widget-spacer{width:var(--container-widget-width,var(--spacer-size));--align-self:var(--container-widget-align-self,initial);--flex-shrink:0}.e-con-inner>.elementor-widget-spacer>.elementor-widget-container,.e-con>.elementor-widget-spacer>.elementor-widget-container{height:100%;width:100%}.e-con-inner>.elementor-widget-spacer>.elementor-widget-container>.elementor-spacer,.e-con>.elementor-widget-spacer>.elementor-widget-container>.elementor-spacer{height:100%}.e-con-inner>.elementor-widget-spacer>.elementor-widget-container>.elementor-spacer>.elementor-spacer-inner,.e-con>.elementor-widget-spacer>.elementor-widget-container>.elementor-spacer>.elementor-spacer-inner{height:var(--container-widget-height,var(--spacer-size))}.e-con-inner>.elementor-widget-spacer.elementor-widget-empty,.e-con>.elementor-widget-spacer.elementor-widget-empty{position:relative;min-height:22px;min-width:22px}.e-con-inner>.elementor-widget-spacer.elementor-widget-empty .elementor-widget-empty-icon,.e-con>.elementor-widget-spacer.elementor-widget-empty .elementor-widget-empty-icon{position:absolute;top:0;bottom:0;left:0;right:0;margin:auto;padding:0;width:22px;height:22px}<\/style>\t\t<div class=\"elementor-spacer\">\n\t\t\t<div class=\"elementor-spacer-inner\"><\/div>\n\t\t<\/div>\n\t\t\t\t<\/div>\n\t\t\t\t<\/div>\n\t\t\t\t\t<\/div>\n\t\t<\/div>\n\t\t\t\t\t\t\t<\/div>\n\t\t<\/section>\n\t\t\t\t<section class=\"elementor-section elementor-top-section elementor-element elementor-element-2b901ca elementor-section-boxed elementor-section-height-default elementor-section-height-default\" data-id=\"2b901ca\" data-element_type=\"section\">\n\t\t\t\t\t\t<div class=\"elementor-container elementor-column-gap-default\">\n\t\t\t\t\t<div class=\"elementor-column elementor-col-100 elementor-top-column elementor-element elementor-element-adf68fc\" data-id=\"adf68fc\" data-element_type=\"column\">\n\t\t\t<div class=\"elementor-widget-wrap elementor-element-populated\">\n\t\t\t\t\t\t\t\t<div class=\"elementor-element elementor-element-9c9f965 elementor--h-position-center elementor--v-position-middle elementor-arrows-position-inside elementor-pagination-position-inside elementor-widget elementor-widget-slides\" data-id=\"9c9f965\" data-element_type=\"widget\" data-settings=\"{&quot;navigation&quot;:&quot;both&quot;,&quot;autoplay&quot;:&quot;yes&quot;,&quot;pause_on_hover&quot;:&quot;yes&quot;,&quot;pause_on_interaction&quot;:&quot;yes&quot;,&quot;autoplay_speed&quot;:5000,&quot;infinite&quot;:&quot;yes&quot;,&quot;transition&quot;:&quot;slide&quot;,&quot;transition_speed&quot;:500}\" data-widget_type=\"slides.default\">\n\t\t\t\t<div class=\"elementor-widget-container\">\n\t\t\t<style>\/*! elementor-pro - v3.17.0 - 01-11-2023 *\/\n.elementor-slides .swiper-slide-bg{background-size:cover;background-position:50%;background-repeat:no-repeat;min-width:100%;min-height:100%}.elementor-slides .swiper-slide-inner{background-repeat:no-repeat;background-position:50%;position:absolute;top:0;left:0;bottom:0;right:0;padding:50px;margin:auto}.elementor-slides .swiper-slide-inner,.elementor-slides .swiper-slide-inner:hover{color:#fff;display:flex}.elementor-slides .swiper-slide-inner .elementor-background-overlay{position:absolute;z-index:0;top:0;bottom:0;left:0;right:0}.elementor-slides .swiper-slide-inner .elementor-slide-content{position:relative;z-index:1;width:100%}.elementor-slides .swiper-slide-inner .elementor-slide-heading{font-size:35px;font-weight:700;line-height:1}.elementor-slides .swiper-slide-inner .elementor-slide-description{font-size:17px;line-height:1.4}.elementor-slides .swiper-slide-inner .elementor-slide-description:not(:last-child),.elementor-slides .swiper-slide-inner .elementor-slide-heading:not(:last-child){margin-bottom:30px}.elementor-slides .swiper-slide-inner .elementor-slide-button{border:2px solid #fff;color:#fff;background:transparent;display:inline-block}.elementor-slides .swiper-slide-inner .elementor-slide-button,.elementor-slides .swiper-slide-inner .elementor-slide-button:hover{background:transparent;color:inherit;text-decoration:none}.elementor--v-position-top .swiper-slide-inner{align-items:flex-start}.elementor--v-position-bottom .swiper-slide-inner{align-items:flex-end}.elementor--v-position-middle .swiper-slide-inner{align-items:center}.elementor--h-position-left .swiper-slide-inner{justify-content:flex-start}.elementor--h-position-right .swiper-slide-inner{justify-content:flex-end}.elementor--h-position-center .swiper-slide-inner{justify-content:center}body.rtl .elementor-widget-slides .elementor-swiper-button-next{left:10px;right:auto}body.rtl .elementor-widget-slides .elementor-swiper-button-prev{right:10px;left:auto}.elementor-slides-wrapper div:not(.swiper-slide)>.swiper-slide-inner{display:none}@media (max-width:767px){.elementor-slides .swiper-slide-inner{padding:30px}.elementor-slides .swiper-slide-inner .elementor-slide-heading{font-size:23px;line-height:1;margin-bottom:15px}.elementor-slides .swiper-slide-inner .elementor-slide-description{font-size:13px;line-height:1.4;margin-bottom:15px}}<\/style>\t\t<div class=\"elementor-swiper\">\n\t\t\t<div class=\"elementor-slides-wrapper elementor-main-swiper swiper\" dir=\"ltr\" data-animation=\"fadeInUp\">\n\t\t\t\t<div class=\"swiper-wrapper elementor-slides\">\n\t\t\t\t\t\t\t\t\t\t<div class=\"elementor-repeater-item-3dae474 swiper-slide\"><div class=\"swiper-slide-bg elementor-ken-burns elementor-ken-burns--in\" role=\"img\"><\/div><div class=\"elementor-background-overlay\"><\/div><a class=\"swiper-slide-inner\" href=\"https:\/\/tzapopanconsultores.com\/index.php\/nosotros\/\"><div class=\"swiper-slide-contents\"><div class=\"elementor-slide-heading\">\u201cJuntas y juntos construyendo escenarios para la innovaci\u00f3n y el bienestar\u201d<\/div><div  class=\"elementor-button elementor-slide-button elementor-size-sm\">Con\u00f3cenos<\/div><\/div><\/a><\/div><div class=\"elementor-repeater-item-6401c98 swiper-slide\"><div class=\"swiper-slide-bg elementor-ken-burns elementor-ken-burns--in\" role=\"img\"><\/div><div class=\"elementor-background-overlay\"><\/div><a class=\"swiper-slide-inner\" href=\"https:\/\/tzapopanconsultores.com\/index.php\/objetivos\/\"><div class=\"swiper-slide-contents\"><div class=\"elementor-slide-heading\">\u201cSomos un un lugar seguro, con m\u00e1s de 20 a\u00f1os de formaci\u00f3n y experiencia cuidando la salud mental.\u201d <\/div><div  class=\"elementor-button elementor-slide-button elementor-size-sm\">Objetivos<\/div><\/div><\/a><\/div><div class=\"elementor-repeater-item-52d7f41 swiper-slide\"><div class=\"swiper-slide-bg elementor-ken-burns elementor-ken-burns--in\" role=\"img\"><\/div><div class=\"elementor-background-overlay\"><\/div><a class=\"swiper-slide-inner\" href=\"https:\/\/tzapopanconsultores.com\/index.php\/servicios\/\"><div class=\"swiper-slide-contents\"><div class=\"elementor-slide-heading\">\"Atenci\u00f3n de calidad para tu bienestar emocional\"<\/div><div  class=\"elementor-button elementor-slide-button elementor-size-sm\">Servicios<\/div><\/div><\/a><\/div>\t\t\t\t<\/div>\n\t\t\t\t\t\t\t\t\t\t\t\t\t\t\t<div class=\"swiper-pagination\"><\/div>\n\t\t\t\t\t\t\t\t\t\t\t\t\t\t\t\t<div class=\"elementor-swiper-button elementor-swiper-button-prev\" role=\"button\" tabindex=\"0\">\n\t\t\t\t\t\t\t<i aria-hidden=\"true\" class=\"eicon-chevron-left\"><\/i>\t\t\t\t\t\t\t<span class=\"elementor-screen-only\">Previous slide<\/span>\n\t\t\t\t\t\t<\/div>\n\t\t\t\t\t\t<div class=\"elementor-swiper-button elementor-swiper-button-next\" role=\"button\" tabindex=\"0\">\n\t\t\t\t\t\t\t<i aria-hidden=\"true\" class=\"eicon-chevron-right\"><\/i>\t\t\t\t\t\t\t<span class=\"elementor-screen-only\">Next slide<\/span>\n\t\t\t\t\t\t<\/div>\n\t\t\t\t\t\t\t\t\t\t\t\t<\/div>\n\t\t<\/div>\n\t\t\t\t<\/div>\n\t\t\t\t<\/div>\n\t\t\t\t\t<\/div>\n\t\t<\/div>\n\t\t\t\t\t\t\t<\/div>\n\t\t<\/section>\n\t\t\t\t<section class=\"elementor-section elementor-top-section elementor-element elementor-element-7524cf9 elementor-section-boxed elementor-section-height-default elementor-section-height-default\" data-id=\"7524cf9\" data-element_type=\"section\">\n\t\t\t\t\t\t<div class=\"elementor-container elementor-column-gap-default\">\n\t\t\t\t\t<div class=\"elementor-column elementor-col-100 elementor-top-column elementor-element elementor-element-670545e\" data-id=\"670545e\" data-element_type=\"column\">\n\t\t\t<div class=\"elementor-widget-wrap elementor-element-populated\">\n\t\t\t\t\t\t\t\t<div class=\"elementor-element elementor-element-a1cd3cf elementor-widget elementor-widget-spacer\" data-id=\"a1cd3cf\" data-element_type=\"widget\" data-widget_type=\"spacer.default\">\n\t\t\t\t<div class=\"elementor-widget-container\">\n\t\t\t\t\t<div class=\"elementor-spacer\">\n\t\t\t<div class=\"elementor-spacer-inner\"><\/div>\n\t\t<\/div>\n\t\t\t\t<\/div>\n\t\t\t\t<\/div>\n\t\t\t\t\t<\/div>\n\t\t<\/div>\n\t\t\t\t\t\t\t<\/div>\n\t\t<\/section>\n\t\t\t\t<section class=\"elementor-section elementor-top-section elementor-element elementor-element-4255e2e elementor-section-height-min-height elementor-section-boxed elementor-section-height-default elementor-section-items-middle\" data-id=\"4255e2e\" data-element_type=\"section\" data-settings=\"{&quot;background_background&quot;:&quot;classic&quot;,&quot;background_motion_fx_motion_fx_scrolling&quot;:&quot;yes&quot;,&quot;background_motion_fx_translateY_effect&quot;:&quot;yes&quot;,&quot;background_motion_fx_translateY_speed&quot;:{&quot;unit&quot;:&quot;px&quot;,&quot;size&quot;:7,&quot;sizes&quot;:[]},&quot;background_motion_fx_translateX_effect&quot;:&quot;yes&quot;,&quot;background_motion_fx_translateY_affectedRange&quot;:{&quot;unit&quot;:&quot;%&quot;,&quot;size&quot;:&quot;&quot;,&quot;sizes&quot;:{&quot;start&quot;:0,&quot;end&quot;:100}},&quot;background_motion_fx_translateX_speed&quot;:{&quot;unit&quot;:&quot;px&quot;,&quot;size&quot;:4,&quot;sizes&quot;:[]},&quot;background_motion_fx_translateX_affectedRange&quot;:{&quot;unit&quot;:&quot;%&quot;,&quot;size&quot;:&quot;&quot;,&quot;sizes&quot;:{&quot;start&quot;:0,&quot;end&quot;:100}},&quot;background_motion_fx_devices&quot;:[&quot;desktop&quot;,&quot;tablet&quot;,&quot;mobile&quot;]}\">\n\t\t\t\t\t\t<div class=\"elementor-container elementor-column-gap-default\">\n\t\t\t\t\t<div class=\"elementor-column elementor-col-100 elementor-top-column elementor-element elementor-element-04a9900\" data-id=\"04a9900\" data-element_type=\"column\">\n\t\t\t<div class=\"elementor-widget-wrap elementor-element-populated\">\n\t\t\t\t\t\t\t\t<div class=\"elementor-element elementor-element-e6cf38d elementor-widget elementor-widget-text-editor\" data-id=\"e6cf38d\" data-element_type=\"widget\" data-widget_type=\"text-editor.default\">\n\t\t\t\t<div class=\"elementor-widget-container\">\n\t\t\t<style>\/*! elementor - v3.17.0 - 08-11-2023 *\/\n.elementor-widget-text-editor.elementor-drop-cap-view-stacked .elementor-drop-cap{background-color:#69727d;color:#fff}.elementor-widget-text-editor.elementor-drop-cap-view-framed .elementor-drop-cap{color:#69727d;border:3px solid;background-color:transparent}.elementor-widget-text-editor:not(.elementor-drop-cap-view-default) .elementor-drop-cap{margin-top:8px}.elementor-widget-text-editor:not(.elementor-drop-cap-view-default) .elementor-drop-cap-letter{width:1em;height:1em}.elementor-widget-text-editor .elementor-drop-cap{float:left;text-align:center;line-height:1;font-size:50px}.elementor-widget-text-editor .elementor-drop-cap-letter{display:inline-block}<\/style>\t\t\t\t<p>\u201cTZAPOPAN CONSULTORES ESTAMOS CONFORMADOS POR PROFESIONALES Y ACAD\u00c9MICOS DE ALTO NIVEL, DEDICADAS Y DEDICADOS A LA INVESTIGACI\u00d3N, FORMACI\u00d3N, INTERVENCI\u00d3N CL\u00cdNICA Y CONSULTOR\u00cdA; CON M\u00c1S DE 20 A\u00d1OS DE FORMACI\u00d3N Y EXPERIENCIA.\u201d<\/p>\t\t\t\t\t\t<\/div>\n\t\t\t\t<\/div>\n\t\t\t\t\t<\/div>\n\t\t<\/div>\n\t\t\t\t\t\t\t<\/div>\n\t\t<\/section>\n\t\t\t\t\t\t\t<\/div>\n\t\t","protected":false},"excerpt":{"rendered":"<p>http:\/\/tzapopanconsultores.com\/wp-content\/uploads\/2023\/07\/49afc831-5298-4a43-81b5-bd5e49f90fc0.mp4 \u201cJuntas y juntos construyendo escenarios para la innovaci\u00f3n y el bienestar\u201dCon\u00f3cenos\u201cSomos un un lugar seguro, con m\u00e1s de 20 a\u00f1os de formaci\u00f3n y experiencia cuidando la salud mental.\u201d Objetivos&#8220;Atenci\u00f3n de calidad para tu bienestar emocional&#8221;Servicios Previous slide Next slide \u201cTZAPOPAN CONSULTORES ESTAMOS CONFORMADOS POR PROFESIONALES Y ACAD\u00c9MICOS DE ALTO NIVEL, DEDICADAS Y DEDICADOS A [&hellip;]<\/p>\n","protected":false},"author":1,"featured_media":0,"parent":0,"menu_order":0,"comment_status":"closed","ping_status":"closed","template":"elementor_header_footer","meta":{"footnotes":""},"class_list":["post-21","page","type-page","status-publish","hentry"],"yoast_head":"<!-- This site is optimized with the Yoast SEO plugin v21.5 - https:\/\/yoast.com\/wordpress\/plugins\/seo\/ -->\n<title>Inicio - tzapopanconsultores.com<\/title>\n<meta name=\"robots\" content=\"index, follow, max-snippet:-1, max-image-preview:large, max-video-preview:-1\" \/>\n<link rel=\"canonical\" href=\"https:\/\/tzapopanconsultores.com\/\" \/>\n<meta property=\"og:locale\" content=\"en_US\" \/>\n<meta property=\"og:type\" content=\"article\" \/>\n<meta property=\"og:title\" content=\"Inicio - tzapopanconsultores.com\" \/>\n<meta property=\"og:description\" content=\"http:\/\/tzapopanconsultores.com\/wp-content\/uploads\/2023\/07\/49afc831-5298-4a43-81b5-bd5e49f90fc0.mp4 \u201cJuntas y juntos construyendo escenarios para la innovaci\u00f3n y el bienestar\u201dCon\u00f3cenos\u201cSomos un un lugar seguro, con m\u00e1s de 20 a\u00f1os de formaci\u00f3n y experiencia cuidando la salud mental.\u201d Objetivos&#8220;Atenci\u00f3n de calidad para tu bienestar emocional&#8221;Servicios Previous slide Next slide \u201cTZAPOPAN CONSULTORES ESTAMOS CONFORMADOS POR PROFESIONALES Y ACAD\u00c9MICOS DE ALTO NIVEL, DEDICADAS Y DEDICADOS A [&hellip;]\" \/>\n<meta property=\"og:url\" content=\"https:\/\/tzapopanconsultores.com\/\" \/>\n<meta property=\"og:site_name\" content=\"tzapopanconsultores.com\" \/>\n<meta property=\"article:modified_time\" content=\"2023-08-10T18:16:03+00:00\" \/>\n<meta name=\"twitter:card\" content=\"summary_large_image\" \/>\n<meta name=\"twitter:label1\" content=\"Est. reading time\" \/>\n\t<meta name=\"twitter:data1\" content=\"1 minute\" \/>\n<script type=\"application\/ld+json\" class=\"yoast-schema-graph\">{\"@context\":\"https:\/\/schema.org\",\"@graph\":[{\"@type\":\"WebPage\",\"@id\":\"https:\/\/tzapopanconsultores.com\/\",\"url\":\"https:\/\/tzapopanconsultores.com\/\",\"name\":\"Inicio - tzapopanconsultores.com\",\"isPartOf\":{\"@id\":\"https:\/\/tzapopanconsultores.com\/#website\"},\"datePublished\":\"2023-06-20T16:44:44+00:00\",\"dateModified\":\"2023-08-10T18:16:03+00:00\",\"breadcrumb\":{\"@id\":\"https:\/\/tzapopanconsultores.com\/#breadcrumb\"},\"inLanguage\":\"en-US\",\"potentialAction\":[{\"@type\":\"ReadAction\",\"target\":[\"https:\/\/tzapopanconsultores.com\/\"]}]},{\"@type\":\"BreadcrumbList\",\"@id\":\"https:\/\/tzapopanconsultores.com\/#breadcrumb\",\"itemListElement\":[{\"@type\":\"ListItem\",\"position\":1,\"name\":\"Inicio\",\"item\":\"https:\/\/tzapopanconsultores.com\/\"},{\"@type\":\"ListItem\",\"position\":2,\"name\":\"Inicio\"}]},{\"@type\":\"WebSite\",\"@id\":\"https:\/\/tzapopanconsultores.com\/#website\",\"url\":\"https:\/\/tzapopanconsultores.com\/\",\"name\":\"TZapopan Consultores\",\"description\":\"\",\"publisher\":{\"@id\":\"https:\/\/tzapopanconsultores.com\/#organization\"},\"potentialAction\":[{\"@type\":\"SearchAction\",\"target\":{\"@type\":\"EntryPoint\",\"urlTemplate\":\"https:\/\/tzapopanconsultores.com\/?s={search_term_string}\"},\"query-input\":\"required name=search_term_string\"}],\"inLanguage\":\"en-US\"},{\"@type\":\"Organization\",\"@id\":\"https:\/\/tzapopanconsultores.com\/#organization\",\"name\":\"TZapopan Consultores\",\"url\":\"https:\/\/tzapopanconsultores.com\/\",\"logo\":{\"@type\":\"ImageObject\",\"inLanguage\":\"en-US\",\"@id\":\"https:\/\/tzapopanconsultores.com\/#\/schema\/logo\/image\/\",\"url\":\"https:\/\/tzapopanconsultores.com\/wp-content\/uploads\/2023\/06\/TzapopanC-Logo.png\",\"contentUrl\":\"https:\/\/tzapopanconsultores.com\/wp-content\/uploads\/2023\/06\/TzapopanC-Logo.png\",\"width\":459,\"height\":142,\"caption\":\"TZapopan Consultores\"},\"image\":{\"@id\":\"https:\/\/tzapopanconsultores.com\/#\/schema\/logo\/image\/\"}}]}<\/script>\n<!-- \/ Yoast SEO plugin. -->","yoast_head_json":{"title":"Inicio - tzapopanconsultores.com","robots":{"index":"index","follow":"follow","max-snippet":"max-snippet:-1","max-image-preview":"max-image-preview:large","max-video-preview":"max-video-preview:-1"},"canonical":"https:\/\/tzapopanconsultores.com\/","og_locale":"en_US","og_type":"article","og_title":"Inicio - tzapopanconsultores.com","og_description":"http:\/\/tzapopanconsultores.com\/wp-content\/uploads\/2023\/07\/49afc831-5298-4a43-81b5-bd5e49f90fc0.mp4 \u201cJuntas y juntos construyendo escenarios para la innovaci\u00f3n y el bienestar\u201dCon\u00f3cenos\u201cSomos un un lugar seguro, con m\u00e1s de 20 a\u00f1os de formaci\u00f3n y experiencia cuidando la salud mental.\u201d Objetivos&#8220;Atenci\u00f3n de calidad para tu bienestar emocional&#8221;Servicios Previous slide Next slide \u201cTZAPOPAN CONSULTORES ESTAMOS CONFORMADOS POR PROFESIONALES Y ACAD\u00c9MICOS DE ALTO NIVEL, DEDICADAS Y DEDICADOS A [&hellip;]","og_url":"https:\/\/tzapopanconsultores.com\/","og_site_name":"tzapopanconsultores.com","article_modified_time":"2023-08-10T18:16:03+00:00","twitter_card":"summary_large_image","twitter_misc":{"Est. reading time":"1 minute"},"schema":{"@context":"https:\/\/schema.org","@graph":[{"@type":"WebPage","@id":"https:\/\/tzapopanconsultores.com\/","url":"https:\/\/tzapopanconsultores.com\/","name":"Inicio - tzapopanconsultores.com","isPartOf":{"@id":"https:\/\/tzapopanconsultores.com\/#website"},"datePublished":"2023-06-20T16:44:44+00:00","dateModified":"2023-08-10T18:16:03+00:00","breadcrumb":{"@id":"https:\/\/tzapopanconsultores.com\/#breadcrumb"},"inLanguage":"en-US","potentialAction":[{"@type":"ReadAction","target":["https:\/\/tzapopanconsultores.com\/"]}]},{"@type":"BreadcrumbList","@id":"https:\/\/tzapopanconsultores.com\/#breadcrumb","itemListElement":[{"@type":"ListItem","position":1,"name":"Inicio","item":"https:\/\/tzapopanconsultores.com\/"},{"@type":"ListItem","position":2,"name":"Inicio"}]},{"@type":"WebSite","@id":"https:\/\/tzapopanconsultores.com\/#website","url":"https:\/\/tzapopanconsultores.com\/","name":"TZapopan Consultores","description":"","publisher":{"@id":"https:\/\/tzapopanconsultores.com\/#organization"},"potentialAction":[{"@type":"SearchAction","target":{"@type":"EntryPoint","urlTemplate":"https:\/\/tzapopanconsultores.com\/?s={search_term_string}"},"query-input":"required name=search_term_string"}],"inLanguage":"en-US"},{"@type":"Organization","@id":"https:\/\/tzapopanconsultores.com\/#organization","name":"TZapopan Consultores","url":"https:\/\/tzapopanconsultores.com\/","logo":{"@type":"ImageObject","inLanguage":"en-US","@id":"https:\/\/tzapopanconsultores.com\/#\/schema\/logo\/image\/","url":"https:\/\/tzapopanconsultores.com\/wp-content\/uploads\/2023\/06\/TzapopanC-Logo.png","contentUrl":"https:\/\/tzapopanconsultores.com\/wp-content\/uploads\/2023\/06\/TzapopanC-Logo.png","width":459,"height":142,"caption":"TZapopan Consultores"},"image":{"@id":"https:\/\/tzapopanconsultores.com\/#\/schema\/logo\/image\/"}}]}},"_links":{"self":[{"href":"https:\/\/tzapopanconsultores.com\/index.php\/wp-json\/wp\/v2\/pages\/21","targetHints":{"allow":["GET"]}}],"collection":[{"href":"https:\/\/tzapopanconsultores.com\/index.php\/wp-json\/wp\/v2\/pages"}],"about":[{"href":"https:\/\/tzapopanconsultores.com\/index.php\/wp-json\/wp\/v2\/types\/page"}],"author":[{"embeddable":true,"href":"https:\/\/tzapopanconsultores.com\/index.php\/wp-json\/wp\/v2\/users\/1"}],"replies":[{"embeddable":true,"href":"https:\/\/tzapopanconsultores.com\/index.php\/wp-json\/wp\/v2\/comments?post=21"}],"version-history":[{"count":176,"href":"https:\/\/tzapopanconsultores.com\/index.php\/wp-json\/wp\/v2\/pages\/21\/revisions"}],"predecessor-version":[{"id":1249,"href":"https:\/\/tzapopanconsultores.com\/index.php\/wp-json\/wp\/v2\/pages\/21\/revisions\/1249"}],"wp:attachment":[{"href":"https:\/\/tzapopanconsultores.com\/index.php\/wp-json\/wp\/v2\/media?parent=21"}],"curies":[{"name":"wp","href":"https:\/\/api.w.org\/{rel}","templated":true}]}}